
{"id":32807,"date":"2026-03-17T11:56:39","date_gmt":"2026-03-17T10:56:39","guid":{"rendered":"https:\/\/app.lorens-tours.com\/tutos-video\/"},"modified":"2026-03-17T12:19:41","modified_gmt":"2026-03-17T11:19:41","slug":"tutos-video","status":"publish","type":"page","link":"https:\/\/app.lorens-tours.com\/es\/tutos-video\/","title":{"rendered":"Video tutoriales"},"content":{"rendered":"<header class=\"d-flex align-items-center justify-content-between justify-content-xxl-center position-relative py-3 py-sm-4 py-xxl- px-4 px-lg-5\">\n    <div class=\"d-flex flex-column flex-sm-row align-items-start align-items-sm-center pe-xxl-5\">\n        <figure class=\"m-0 me-4 me-lg-5 logo\">\n            <a href=\"https:\/\/app.lorens-tours.com\/es\/\" class=\"custom-logo-link\" rel=\"home\"><img loading=\"lazy\" decoding=\"async\" width=\"419\" height=\"103\" src=\"https:\/\/app.lorens-tours.com\/wp-content\/uploads\/2025\/04\/lorens.svg\" class=\"custom-logo\" alt=\"Lorens\" \/><\/a>        <\/figure>\n                    <h1 class=\"fs-50 fw-700 mt-2 mt-sm-0 mb-0 mx-0 px-sm-4 px-lg-5 deco-color-left deco-color-right text-blue header-toolkit\">\n                TOOLKIT            <\/h1>\n            <style>\n                @media (max-width: 575px) {\n                    .header-toolkit:before, .header-toolkit:after {\n                        display: none;\n                    }\n                }\n\n            <\/style>\n            <\/div>\n\n            <div class=\"langues ms-4\">\n<div role=\"navigation\" aria-label=\"Selector de idioma\" class=\"wpml-ls-statics-shortcode_actions wpml-ls wpml-ls-legacy-list-horizontal\">\n\t<ul><li class=\"wpml-ls-slot-shortcode_actions wpml-ls-item wpml-ls-item-fr wpml-ls-first-item wpml-ls-item-legacy-list-horizontal\">\n\t\t\t\t<a href=\"https:\/\/app.lorens-tours.com\/\" hreflang=\"fr\" lang=\"fr\" class=\"wpml-ls-link\" aria-label=\"Cambiar a Franc\u00e9s (Fran\u00e7ais)\" title=\"Cambiar a Franc\u00e9s (Fran\u00e7ais)\">\n\t\t\t\t\t<span class=\"wpml-ls-native\">Fran\u00e7ais<\/span><span class=\"wpml-ls-display\"><span class=\"wpml-ls-bracket\"> (<\/span>Franc\u00e9s<span class=\"wpml-ls-bracket\">)<\/span><\/span><\/a>\n\t\t\t<\/li><li class=\"wpml-ls-slot-shortcode_actions wpml-ls-item wpml-ls-item-en wpml-ls-item-legacy-list-horizontal\">\n\t\t\t\t<a href=\"https:\/\/app.lorens-tours.com\/en\/\" hreflang=\"en\" lang=\"en\" class=\"wpml-ls-link\" aria-label=\"Cambiar a Ingl\u00e9s (English)\" title=\"Cambiar a Ingl\u00e9s (English)\">\n\t\t\t\t\t<span class=\"wpml-ls-native\">English<\/span><span class=\"wpml-ls-display\"><span class=\"wpml-ls-bracket\"> (<\/span>Ingl\u00e9s<span class=\"wpml-ls-bracket\">)<\/span><\/span><\/a>\n\t\t\t<\/li><li class=\"wpml-ls-slot-shortcode_actions wpml-ls-item wpml-ls-item-es wpml-ls-current-language wpml-ls-last-item wpml-ls-item-legacy-list-horizontal\">\n\t\t\t\t<a href=\"https:\/\/app.lorens-tours.com\/es\/\" hreflang=\"es\" lang=\"es\" class=\"wpml-ls-link\" aria-current=\"page\" aria-label=\"Cambiar a Espa\u00f1ol (Espa\u00f1ol)\" title=\"Cambiar a Espa\u00f1ol (Espa\u00f1ol)\">\n\t\t\t\t\t<span class=\"wpml-ls-native\">Espa\u00f1ol<\/span><\/a>\n\t\t\t<\/li><\/ul>\n<\/div>\n<\/div>; \n    <\/header>\n<section class=\"deco-color-bottom-big\"><\/section>\n<section class=\"deco-color-bottom-big\">\n    <div class=\"container-custom py-4\">\n        <h1 class=\"text-uppercase fw-900 c-blue mb-4\">Video tutoriales<\/h1>\n\n                    <div class=\"lorens-help-intro mb-4\">\n                <p>En esta secci\u00f3n de Ayuda, encontrar\u00e1s v\u00eddeos breves para familiarizarte con la aplicaci\u00f3n Lorens Toolkit en pocos minutos.<br \/>\n\u00a1Buen visionado\u2026 y empieza a enriquecer tus recorridos!<\/p>\n            <\/div>\n        \n                                <div class=\"lorens-tutorials-grid lorens-tutorials-grid--two-cols\">\n                                                        <article class=\"lorens-tutorial-card\">\n                        <h3 class=\"lorens-tutorial-card__title text-uppercase fw-900\">1. Conexi\u00f3n y seguridad<\/h3>\n                                                    <video controls preload=\"metadata\" class=\"w-100\">\n                                <source src=\"https:\/\/app.lorens-tours.com\/wp-content\/uploads\/2026\/03\/Tuto1-es.mp4\" type=\"video\/mp4\">\n                            <\/video>\n                                            <\/article>\n                                                        <article class=\"lorens-tutorial-card\">\n                        <h3 class=\"lorens-tutorial-card__title text-uppercase fw-900\">2. Condiciones generales y acceso a su espacio de trabajo<\/h3>\n                                                    <video controls preload=\"metadata\" class=\"w-100\">\n                                <source src=\"https:\/\/app.lorens-tours.com\/wp-content\/uploads\/2026\/03\/Tuto2-es.mp4\" type=\"video\/mp4\">\n                            <\/video>\n                                            <\/article>\n                                                        <article class=\"lorens-tutorial-card\">\n                        <h3 class=\"lorens-tutorial-card__title text-uppercase fw-900\">3. Creaci\u00f3n de un recorrido y activaci\u00f3n del mapa geolocalizado<\/h3>\n                                                    <video controls preload=\"metadata\" class=\"w-100\">\n                                <source src=\"https:\/\/app.lorens-tours.com\/wp-content\/uploads\/2026\/03\/Tuto3-es.mp4\" type=\"video\/mp4\">\n                            <\/video>\n                                            <\/article>\n                                                        <article class=\"lorens-tutorial-card\">\n                        <h3 class=\"lorens-tutorial-card__title text-uppercase fw-900\">4. An\u00e1lisis del contenido cartografiado (elecci\u00f3n de secuencias, creaci\u00f3n de etapas, opciones, etc.)<\/h3>\n                                                    <video controls preload=\"metadata\" class=\"w-100\">\n                                <source src=\"https:\/\/app.lorens-tours.com\/wp-content\/uploads\/2026\/03\/Tuto4-es.mp4\" type=\"video\/mp4\">\n                            <\/video>\n                                            <\/article>\n                                                        <article class=\"lorens-tutorial-card\">\n                        <h3 class=\"lorens-tutorial-card__title text-uppercase fw-900\">5. A\u00f1adir etapas, uso de los filtros de b\u00fasqueda y navegaci\u00f3n general<\/h3>\n                                                    <video controls preload=\"metadata\" class=\"w-100\">\n                                <source src=\"https:\/\/app.lorens-tours.com\/wp-content\/uploads\/2026\/03\/Tuto5-es.mp4\" type=\"video\/mp4\">\n                            <\/video>\n                                            <\/article>\n                                                        <article class=\"lorens-tutorial-card\">\n                        <h3 class=\"lorens-tutorial-card__title text-uppercase fw-900\">6. Modificaciones y desconexi\u00f3n del modo de trabajo<\/h3>\n                                                    <video controls preload=\"metadata\" class=\"w-100\">\n                                <source src=\"https:\/\/app.lorens-tours.com\/wp-content\/uploads\/2026\/03\/Tuto6-es.mp4\" type=\"video\/mp4\">\n                            <\/video>\n                                            <\/article>\n                                                        <article class=\"lorens-tutorial-card\">\n                        <h3 class=\"lorens-tutorial-card__title text-uppercase fw-900\">7. Generaci\u00f3n y uso de la web app y de los c\u00f3digos QR<\/h3>\n                                                    <video controls preload=\"metadata\" class=\"w-100\">\n                                <source src=\"https:\/\/app.lorens-tours.com\/wp-content\/uploads\/2026\/03\/Tuto7-es.mp4\" type=\"video\/mp4\">\n                            <\/video>\n                                            <\/article>\n                                                        <article class=\"lorens-tutorial-card\">\n                        <h3 class=\"lorens-tutorial-card__title text-uppercase fw-900\">8. La experiencia Lorens a pi\u00e9 de calle con sus clientes<\/h3>\n                                                    <video controls preload=\"metadata\" class=\"w-100\">\n                                <source src=\"https:\/\/app.lorens-tours.com\/wp-content\/uploads\/2026\/03\/Tutot8-es.mp4\" type=\"video\/mp4\">\n                            <\/video>\n                                            <\/article>\n                            <\/div>\n                            <div class=\"container-custom py-4 py-md-5\">\n                <section class=\"lorens-help-crosslink\">\n                    <div class=\"lorens-help-crosslink__box\">\n                        <p class=\"lorens-help-crosslink__eyebrow mb-2\">\u00bfNo encontraste tu respuesta?<\/p>\n                        <h2 class=\"lorens-help-crosslink__title text-uppercase fw-900 c-blue mb-3\">Consulte las preguntas frecuentes.<\/h2>\n                        <a href=\"https:\/\/app.lorens-tours.com\/es\/faq\/\" class=\"btn btn-secondary p-3\">Consulte las preguntas frecuentes<\/a>\n                    <\/div>\n                <\/section>\n            <\/div>\n        \n    <\/div>\n<\/section>\n<footer class=\"d-flex align-items-center justify-content-center position-relative py-4 py-xxl- px-4 px-lg-5 mt-auto\">\n    <div class=\"d-flex flex-column flex-md-row align-items-center align-items-md-end flex-wrap justify-content-center\">\n        <figure class=\"m-0 me-md-3 me-lg-4 logo\">\n            <a href=\"https:\/\/app.lorens-tours.com\/es\/\" class=\"custom-logo-link\" rel=\"home\"><img loading=\"lazy\" decoding=\"async\" width=\"419\" height=\"103\" src=\"https:\/\/app.lorens-tours.com\/wp-content\/uploads\/2025\/04\/lorens.svg\" class=\"custom-logo\" alt=\"Lorens\" \/><\/a>        <\/figure>\n        <div class=\"d-flex flex-column pt-2\">\n                            <a href=\"mailto:toolkit@lorens-tours.com\" class=\"fs-24 fw-700 text-decoration-none text-blue mb-2 text-center text-md-start\">toolkit@lorens-tours.com<\/a>\n                        <div class=\"d-flex flex-column flex-sm-row align-items-center\">\n                                    <a href=\"https:\/\/app.lorens-tours.com\/es\/condiciones-generales-de-venta\/\" target=\"_blank\" class=\"text-uppercase text-decoration-none text-blue deco-color-bottom pb-2 text-center\">Condiciones generales de uso<\/a>\n                                                 <div class=\"px-2 d-none d-sm-block\">-<\/div>\n                                                    <a href=\"https:\/\/app.lorens-tours.com\/es\/faq\/\" target=\"_blank\" class=\"text-uppercase text-decoration-none text-blue deco-color-bottom pb-2 text-center\">Preguntas frecuentes<\/a>\n                                                    <div class=\"px-2 d-none d-sm-block\">-<\/div>\n                                                    <a href=\"https:\/\/app.lorens-tours.com\/es\/tutos-video\/\" target=\"_blank\" class=\"text-uppercase text-decoration-none text-blue deco-color-bottom pb-2 text-center\">Video tutoriales<\/a>\n                            <\/div>\n        <\/div>\n    <\/div>\n<\/footer>\n\n","protected":false},"excerpt":{"rendered":"","protected":false},"author":14,"featured_media":0,"parent":0,"menu_order":0,"comment_status":"closed","ping_status":"closed","template":"","meta":{"_acf_changed":false,"inline_featured_image":false,"footnotes":""},"class_list":["post-32807","page","type-page","status-publish","hentry"],"acf":[],"_links":{"self":[{"href":"https:\/\/app.lorens-tours.com\/es\/wp-json\/wp\/v2\/pages\/32807","targetHints":{"allow":["GET"]}}],"collection":[{"href":"https:\/\/app.lorens-tours.com\/es\/wp-json\/wp\/v2\/pages"}],"about":[{"href":"https:\/\/app.lorens-tours.com\/es\/wp-json\/wp\/v2\/types\/page"}],"author":[{"embeddable":true,"href":"https:\/\/app.lorens-tours.com\/es\/wp-json\/wp\/v2\/users\/14"}],"replies":[{"embeddable":true,"href":"https:\/\/app.lorens-tours.com\/es\/wp-json\/wp\/v2\/comments?post=32807"}],"version-history":[{"count":2,"href":"https:\/\/app.lorens-tours.com\/es\/wp-json\/wp\/v2\/pages\/32807\/revisions"}],"predecessor-version":[{"id":32857,"href":"https:\/\/app.lorens-tours.com\/es\/wp-json\/wp\/v2\/pages\/32807\/revisions\/32857"}],"wp:attachment":[{"href":"https:\/\/app.lorens-tours.com\/es\/wp-json\/wp\/v2\/media?parent=32807"}],"curies":[{"name":"wp","href":"https:\/\/api.w.org\/{rel}","templated":true}]}}